{"id":304,"date":"2018-10-26T10:58:55","date_gmt":"2018-10-26T10:58:55","guid":{"rendered":"https:\/\/demo.themegrill.com\/zakra-drone\/?page_id=201"},"modified":"2019-09-09T08:26:00","modified_gmt":"2019-09-09T06:26:00","slug":"fotografie","status":"publish","type":"page","link":"https:\/\/airpix.pl\/index.php\/fotografie\/","title":{"rendered":"Zdj\u0119cia z drona"},"content":{"rendered":"\t\t<div data-elementor-type=\"wp-post\" data-elementor-id=\"304\" class=\"elementor elementor-304\">\n\t\t\t\t\t\t<section class=\"elementor-section elementor-top-section elementor-element elementor-element-1b8c1454 elementor-section-boxed elementor-section-height-default elementor-section-height-default\" data-id=\"1b8c1454\" data-element_type=\"section\">\n\t\t\t\t\t\t<div class=\"elementor-container elementor-column-gap-default\">\n\t\t\t\t\t<div class=\"elementor-column elementor-col-100 elementor-top-column elementor-element elementor-element-b44b581\" data-id=\"b44b581\" data-element_type=\"column\">\n\t\t\t<div class=\"elementor-widget-wrap elementor-element-populated\">\n\t\t\t\t\t\t<div class=\"elementor-element elementor-element-3c09c1bd elementor-widget elementor-widget-text-editor\" data-id=\"3c09c1bd\" data-element_type=\"widget\" data-widget_type=\"text-editor.default\">\n\t\t\t\t<div class=\"elementor-widget-container\">\n\t\t\t\t\t\t\t\t\t<p align=\"justify\"><img fetchpriority=\"high\" decoding=\"async\" class=\"aligncenter wp-image-526 size-large\" src=\"http:\/\/airpix.pl\/wp-content\/uploads\/2019\/08\/DJI_0498-1024x768.jpg\" alt=\"\" width=\"812\" height=\"609\" srcset=\"https:\/\/airpix.pl\/wp-content\/uploads\/2019\/08\/DJI_0498-1024x768.jpg 1024w, https:\/\/airpix.pl\/wp-content\/uploads\/2019\/08\/DJI_0498-300x225.jpg 300w, https:\/\/airpix.pl\/wp-content\/uploads\/2019\/08\/DJI_0498-768x576.jpg 768w, https:\/\/airpix.pl\/wp-content\/uploads\/2019\/08\/DJI_0498.jpg 1440w\" sizes=\"(max-width: 812px) 100vw, 812px\" \/><\/p>\n<p align=\"justify\">Kamera z sensorem 1\/2.3\u2033 CMOS wyposa\u017cona w czterokrotny zoom, w tym dwukrotny zoom optyczny 24\u201348 mm. Hybrydowy autofocus \u0142\u0105czy dok\u0142adno\u015b\u0107 ostrzenia z\u00a0szybko\u015bci\u0105 \u0142apania ostro\u015bci. Innowacyjna funkcja Super Resolution pozwala na uchwycenie ka\u017cdego szczeg\u00f3\u0142u czego wynikiem jest 48-megapikselowe zdj\u0119cie zachowuj\u0105ce oryginalny wygl\u0105d obiektu przy dok\u0142adniejszej kompozycji. Funkcja Hyperlapse to\u00a0stabilne uj\u0119cia z powietrza i&nbsp;profesjonalny materia\u0142 w technologii Timelapse. Zdj\u0119cia w technologii Enhanced HDR zapewniaj\u0105 przejrzysty obraz bez niepo\u017c\u0105danych artefakt\u00f3w.<\/p>\n<img decoding=\"async\" class=\"aligncenter wp-image-539 size-large\" src=\"http:\/\/airpix.pl\/wp-content\/uploads\/2019\/08\/DJI_0734-1024x768.jpg\" alt=\"\" width=\"812\" height=\"609\" srcset=\"https:\/\/airpix.pl\/wp-content\/uploads\/2019\/08\/DJI_0734-1024x768.jpg 1024w, https:\/\/airpix.pl\/wp-content\/uploads\/2019\/08\/DJI_0734-300x225.jpg 300w, https:\/\/airpix.pl\/wp-content\/uploads\/2019\/08\/DJI_0734-768x576.jpg 768w, https:\/\/airpix.pl\/wp-content\/uploads\/2019\/08\/DJI_0734.jpg 1440w\" sizes=\"(max-width: 812px) 100vw, 812px\" \/>\t\t\t\t\t\t\t\t<\/div>\n\t\t\t\t<\/div>\n\t\t\t\t\t<\/div>\n\t\t<\/div>\n\t\t\t\t\t<\/div>\n\t\t<\/section>\n\t\t\t\t<\/div>\n\t\t","protected":false},"excerpt":{"rendered":"<p>Kamera z sensorem 1\/2.3\u2033 CMOS wyposa\u017cona w czterokrotny zoom, w tym dwukrotny zoom optyczny 24\u201348 mm. Hybrydowy autofocus \u0142\u0105czy dok\u0142adno\u015b\u0107 ostrzenia z\u00a0szybko\u015bci\u0105 \u0142apania ostro\u015bci. Innowacyjna funkcja Super Resolution pozwala na uchwycenie ka\u017cdego szczeg\u00f3\u0142u czego wynikiem jest 48-megapikselowe zdj\u0119cie zachowuj\u0105ce oryginalny wygl\u0105d obiektu przy dok\u0142adniejszej kompozycji. Funkcja Hyperlapse to\u00a0stabilne uj\u0119cia z powietrza i&nbsp;profesjonalny materia\u0142 w technologii [&hellip;]<\/p>\n","protected":false},"author":1,"featured_media":0,"parent":0,"menu_order":0,"comment_status":"closed","ping_status":"closed","template":"elementor_header_footer","meta":{"zakra_sidebar_layout":"centered","zakra_remove_content_margin":false,"zakra_sidebar":"customizer","zakra_transparent_header":"0","zakra_logo":0,"zakra_main_header_style":"default","zakra_menu_item_color":"","zakra_menu_item_hover_color":"","zakra_menu_item_active_color":"","zakra_menu_active_style":"style-1","zakra_page_header":true,"footnotes":""},"class_list":["post-304","page","type-page","status-publish","hentry"],"_links":{"self":[{"href":"https:\/\/airpix.pl\/index.php\/wp-json\/wp\/v2\/pages\/304","targetHints":{"allow":["GET"]}}],"collection":[{"href":"https:\/\/airpix.pl\/index.php\/wp-json\/wp\/v2\/pages"}],"about":[{"href":"https:\/\/airpix.pl\/index.php\/wp-json\/wp\/v2\/types\/page"}],"author":[{"embeddable":true,"href":"https:\/\/airpix.pl\/index.php\/wp-json\/wp\/v2\/users\/1"}],"replies":[{"embeddable":true,"href":"https:\/\/airpix.pl\/index.php\/wp-json\/wp\/v2\/comments?post=304"}],"version-history":[{"count":18,"href":"https:\/\/airpix.pl\/index.php\/wp-json\/wp\/v2\/pages\/304\/revisions"}],"predecessor-version":[{"id":830,"href":"https:\/\/airpix.pl\/index.php\/wp-json\/wp\/v2\/pages\/304\/revisions\/830"}],"wp:attachment":[{"href":"https:\/\/airpix.pl\/index.php\/wp-json\/wp\/v2\/media?parent=304"}],"curies":[{"name":"wp","href":"https:\/\/api.w.org\/{rel}","templated":true}]}}