{"id":303,"date":"2018-10-26T10:58:36","date_gmt":"2018-10-26T10:58:36","guid":{"rendered":"https:\/\/demo.themegrill.com\/zakra-drone\/?page_id=199"},"modified":"2021-08-28T21:23:26","modified_gmt":"2021-08-28T19:23:26","slug":"filmy","status":"publish","type":"page","link":"http:\/\/airpix.pl\/index.php\/filmy\/","title":{"rendered":"Filmy z drona"},"content":{"rendered":"\t\t<div data-elementor-type=\"wp-post\" data-elementor-id=\"303\" class=\"elementor elementor-303\">\n\t\t\t\t\t\t<section class=\"elementor-section elementor-top-section elementor-element elementor-element-e912e82 elementor-section-boxed elementor-section-height-default elementor-section-height-default\" data-id=\"e912e82\" data-element_type=\"section\">\n\t\t\t\t\t\t<div class=\"elementor-container elementor-column-gap-default\">\n\t\t\t\t\t<div class=\"elementor-column elementor-col-100 elementor-top-column elementor-element elementor-element-be43815\" data-id=\"be43815\" data-element_type=\"column\">\n\t\t\t<div class=\"elementor-widget-wrap elementor-element-populated\">\n\t\t\t\t\t\t<div class=\"elementor-element elementor-element-e78f741 elementor-widget elementor-widget-video\" data-id=\"e78f741\" data-element_type=\"widget\" data-settings=\"{&quot;video_type&quot;:&quot;hosted&quot;,&quot;controls&quot;:&quot;yes&quot;}\" data-widget_type=\"video.default\">\n\t\t\t\t<div class=\"elementor-widget-container\">\n\t\t\t\t\t\t\t<div class=\"e-hosted-video elementor-wrapper elementor-open-inline\">\n\t\t\t\t\t<video class=\"elementor-video\" src=\"http:\/\/airpix.pl\/wp-content\/uploads\/2019\/09\/film1_6.mov\" controls=\"\" preload=\"metadata\" controlsList=\"nodownload\"><\/video>\n\t\t\t\t<\/div>\n\t\t\t\t\t\t<\/div>\n\t\t\t\t<\/div>\n\t\t\t\t\t<\/div>\n\t\t<\/div>\n\t\t\t\t\t<\/div>\n\t\t<\/section>\n\t\t\t\t<section class=\"elementor-section elementor-top-section elementor-element elementor-element-5eb04e0f elementor-section-boxed elementor-section-height-default elementor-section-height-default\" data-id=\"5eb04e0f\" data-element_type=\"section\">\n\t\t\t\t\t\t<div class=\"elementor-container elementor-column-gap-default\">\n\t\t\t\t\t<div class=\"elementor-column elementor-col-100 elementor-top-column elementor-element elementor-element-4adb33a\" data-id=\"4adb33a\" data-element_type=\"column\">\n\t\t\t<div class=\"elementor-widget-wrap elementor-element-populated\">\n\t\t\t\t\t\t<div class=\"elementor-element elementor-element-72adccc4 elementor-widget elementor-widget-text-editor\" data-id=\"72adccc4\" data-element_type=\"widget\" data-widget_type=\"text-editor.default\">\n\t\t\t\t<div class=\"elementor-widget-container\">\n\t\t\t\t\t\t\t\t\t<p align=justify>Podczas nagrywania film\u00f3w zoom optyczny daje doskona\u0142y pogl\u0105d na dalsze obiekty, dzi\u0119ki czemu mo\u017cliwe jest stworzenie unikalnej sceny z dystansu. Inteligentna funkcja Dolly Zoom automatycznie dostosowuje ogniskow\u0105 podczas lotu, zmieniaj\u0105c perspektyw\u0119 t\u0142a bez zmiany perspektywy pierwszego planu, zapewniaj\u0105c niesamowity efekt wizualny. System \u015bledzenia pozwala na utrzymanie obiektu w kadrze\u00a0 oraz automatyczne pod\u0105\u017canie za nim. Maksymalna pr\u0119dko\u015b\u0107 lotu wynosi 72 km\/h. Filmy w H.265\/HEVC oraz rozdzielczo\u015bci 4K zapewniaj\u0105 materia\u0142 wysokiej jako\u015bci z dobrze zachowanymi szczeg\u00f3\u0142ami.<\/p>\t\t\t\t\t\t\t\t<\/div>\n\t\t\t\t<\/div>\n\t\t\t\t\t<\/div>\n\t\t<\/div>\n\t\t\t\t\t<\/div>\n\t\t<\/section>\n\t\t\t\t<\/div>\n\t\t","protected":false},"excerpt":{"rendered":"<p>http:\/\/airpix.pl\/wp-content\/uploads\/2019\/09\/film1_6.mov Podczas nagrywania film\u00f3w zoom optyczny daje doskona\u0142y pogl\u0105d na dalsze obiekty, dzi\u0119ki czemu mo\u017cliwe jest stworzenie unikalnej sceny z dystansu. Inteligentna funkcja Dolly Zoom automatycznie dostosowuje ogniskow\u0105 podczas lotu, zmieniaj\u0105c perspektyw\u0119 t\u0142a bez zmiany perspektywy pierwszego planu, zapewniaj\u0105c niesamowity efekt wizualny. System \u015bledzenia pozwala na utrzymanie obiektu w kadrze\u00a0 oraz automatyczne pod\u0105\u017canie za nim. [&hellip;]<\/p>\n","protected":false},"author":1,"featured_media":0,"parent":0,"menu_order":0,"comment_status":"closed","ping_status":"closed","template":"elementor_header_footer","meta":{"zakra_sidebar_layout":"centered","zakra_remove_content_margin":false,"zakra_sidebar":"customizer","zakra_transparent_header":"0","zakra_logo":0,"zakra_main_header_style":"default","zakra_menu_item_color":"","zakra_menu_item_hover_color":"","zakra_menu_item_active_color":"","zakra_menu_active_style":"style-1","zakra_page_header":true,"footnotes":""},"class_list":["post-303","page","type-page","status-publish","hentry"],"_links":{"self":[{"href":"http:\/\/airpix.pl\/index.php\/wp-json\/wp\/v2\/pages\/303","targetHints":{"allow":["GET"]}}],"collection":[{"href":"http:\/\/airpix.pl\/index.php\/wp-json\/wp\/v2\/pages"}],"about":[{"href":"http:\/\/airpix.pl\/index.php\/wp-json\/wp\/v2\/types\/page"}],"author":[{"embeddable":true,"href":"http:\/\/airpix.pl\/index.php\/wp-json\/wp\/v2\/users\/1"}],"replies":[{"embeddable":true,"href":"http:\/\/airpix.pl\/index.php\/wp-json\/wp\/v2\/comments?post=303"}],"version-history":[{"count":30,"href":"http:\/\/airpix.pl\/index.php\/wp-json\/wp\/v2\/pages\/303\/revisions"}],"predecessor-version":[{"id":1168,"href":"http:\/\/airpix.pl\/index.php\/wp-json\/wp\/v2\/pages\/303\/revisions\/1168"}],"wp:attachment":[{"href":"http:\/\/airpix.pl\/index.php\/wp-json\/wp\/v2\/media?parent=303"}],"curies":[{"name":"wp","href":"https:\/\/api.w.org\/{rel}","templated":true}]}}