{"id":301,"date":"2018-09-03T06:57:36","date_gmt":"2018-09-03T04:57:36","guid":{"rendered":"https:\/\/demo.themegrill.com\/zakra-drone\/?page_id=89"},"modified":"2025-07-31T18:53:49","modified_gmt":"2025-07-31T16:53:49","slug":"panoramy_sferyczne","status":"publish","type":"page","link":"http:\/\/airpix.pl\/index.php\/panoramy_sferyczne\/","title":{"rendered":"PANORAMY SFERYCZNE"},"content":{"rendered":"\t\t<div data-elementor-type=\"wp-page\" data-elementor-id=\"301\" class=\"elementor elementor-301\">\n\t\t\t\t\t\t<section class=\"elementor-section elementor-top-section elementor-element elementor-element-a962377 elementor-section-boxed elementor-section-height-default elementor-section-height-default\" data-id=\"a962377\" data-element_type=\"section\">\n\t\t\t\t\t\t<div class=\"elementor-container elementor-column-gap-default\">\n\t\t\t\t\t<div class=\"elementor-column elementor-col-100 elementor-top-column elementor-element elementor-element-5715478\" data-id=\"5715478\" data-element_type=\"column\">\n\t\t\t<div class=\"elementor-widget-wrap elementor-element-populated\">\n\t\t\t\t\t\t<div class=\"elementor-element elementor-element-6d0b5c6 elementor-widget elementor-widget-heading\" data-id=\"6d0b5c6\" data-element_type=\"widget\" data-widget_type=\"heading.default\">\n\t\t\t\t<div class=\"elementor-widget-container\">\n\t\t\t\t\t<h2 class=\"elementor-heading-title elementor-size-default\">PANORAMY SFERYCZNE 360\u00b0<\/h2>\t\t\t\t<\/div>\n\t\t\t\t<\/div>\n\t\t\t\t\t<\/div>\n\t\t<\/div>\n\t\t\t\t\t<\/div>\n\t\t<\/section>\n\t\t\t\t<section class=\"elementor-section elementor-top-section elementor-element elementor-element-45f2157 elementor-section-boxed elementor-section-height-default elementor-section-height-default\" data-id=\"45f2157\" data-element_type=\"section\">\n\t\t\t\t\t\t<div class=\"elementor-container elementor-column-gap-default\">\n\t\t\t\t\t<div class=\"elementor-column elementor-col-100 elementor-top-column elementor-element elementor-element-9753ef9\" data-id=\"9753ef9\" data-element_type=\"column\">\n\t\t\t<div class=\"elementor-widget-wrap elementor-element-populated\">\n\t\t\t\t\t\t<div class=\"elementor-element elementor-element-146757a elementor-widget elementor-widget-text-editor\" data-id=\"146757a\" data-element_type=\"widget\" data-widget_type=\"text-editor.default\">\n\t\t\t\t<div class=\"elementor-widget-container\">\n\t\t\t\t\t\t\t\t\t<p align=\"justify\">Panoramy sferyczne wysokiej rozdzielczo\u015bci z lotu ptaka to niedost\u0119pna dla obserwatora unikatowa perspektywa. Umo\u017cliwiaj\u0105 obserwacj\u0119 w ka\u017cdym kierunku: pe\u0142ne 360\u00b0 z\u00a0zachowaniem wysokiej rozdzielczo\u015bci. Za pomoc\u0105 panoram sferycznych mo\u017cliwe jest wykonanie wirtualnych spacer\u00f3w, za pomoc\u0105 kt\u00f3rych mo\u017cna przedstawi\u0107 dany obiekt lub teren z\u00a0punktu widzenia znajduj\u0105cej si\u0119 w\u00a0nim osoby. Mo\u017cna je zastosowa\u0107 zar\u00f3wno do teren\u00f3w zamkni\u0119tych jak i\u00a0otwartych.<br \/>Przedstawione poni\u017cej panoramy sferyczne, ze wzgl\u0119du na\u00a0 ilo\u015b\u0107 panoram na stronie, zosta\u0142y pomniejszone, aby zapewni\u0107 wi\u0119ksz\u0105 p\u0142ynno\u015b\u0107 \u0142adowania witryny. W oryginale s\u0105 one w rozdzielczo\u015bci 8192\u00d74096 pikseli.<\/p><p align=\"justify\">Aby porusza\u0107 si\u0119 po panoramie nale\u017cy u\u017cy\u0107 wy\u015bwietlonego menu lub przesuwa\u0107 j\u0105 za pomoc\u0105 kursora, mo\u017cna j\u0105 r\u00f3wnie\u017c przybli\u017ca\u0107 i oddala\u0107.<\/p>\t\t\t\t\t\t\t\t<\/div>\n\t\t\t\t<\/div>\n\t\t\t\t\t<\/div>\n\t\t<\/div>\n\t\t\t\t\t<\/div>\n\t\t<\/section>\n\t\t\t\t<section class=\"elementor-section elementor-top-section elementor-element elementor-element-9f66d67 elementor-section-boxed elementor-section-height-default elementor-section-height-default\" data-id=\"9f66d67\" data-element_type=\"section\">\n\t\t\t\t\t\t<div class=\"elementor-container elementor-column-gap-default\">\n\t\t\t\t\t<div class=\"elementor-column elementor-col-100 elementor-top-column elementor-element elementor-element-d2c326a\" data-id=\"d2c326a\" data-element_type=\"column\">\n\t\t\t<div class=\"elementor-widget-wrap elementor-element-populated\">\n\t\t\t\t\t\t<div class=\"elementor-element elementor-element-6e4fba4 elementor-widget elementor-widget-html\" data-id=\"6e4fba4\" data-element_type=\"widget\" data-widget_type=\"html.default\">\n\t\t\t\t<div class=\"elementor-widget-container\">\n\t\t\t\t\t<iframe width=\"560\" height=\"500\" src=\"https:\/\/airpix.pl\/ipanorama\/virtualtour\/4\" frameborder=\"0\" allowfullscreen><\/iframe>\t\t\t\t<\/div>\n\t\t\t\t<\/div>\n\t\t\t\t\t<\/div>\n\t\t<\/div>\n\t\t\t\t\t<\/div>\n\t\t<\/section>\n\t\t\t\t<section class=\"elementor-section elementor-top-section elementor-element elementor-element-867963c elementor-section-boxed elementor-section-height-default elementor-section-height-default\" data-id=\"867963c\" data-element_type=\"section\">\n\t\t\t\t\t\t<div class=\"elementor-container elementor-column-gap-default\">\n\t\t\t\t\t<div class=\"elementor-column elementor-col-100 elementor-top-column elementor-element elementor-element-e2a62ed\" data-id=\"e2a62ed\" data-element_type=\"column\">\n\t\t\t<div class=\"elementor-widget-wrap elementor-element-populated\">\n\t\t\t\t\t\t<div class=\"elementor-element elementor-element-735e47b elementor-widget elementor-widget-html\" data-id=\"735e47b\" data-element_type=\"widget\" data-widget_type=\"html.default\">\n\t\t\t\t<div class=\"elementor-widget-container\">\n\t\t\t\t\t<iframe width=\"560\" height=\"500\" src=\"https:\/\/airpix.pl\/ipanorama\/virtualtour\/5\" frameborder=\"0\" allowfullscreen><\/iframe>\t\t\t\t<\/div>\n\t\t\t\t<\/div>\n\t\t\t\t\t<\/div>\n\t\t<\/div>\n\t\t\t\t\t<\/div>\n\t\t<\/section>\n\t\t\t\t<section class=\"elementor-section elementor-top-section elementor-element elementor-element-d3292c3 elementor-section-boxed elementor-section-height-default elementor-section-height-default\" data-id=\"d3292c3\" data-element_type=\"section\">\n\t\t\t\t\t\t<div class=\"elementor-container elementor-column-gap-default\">\n\t\t\t\t\t<div class=\"elementor-column elementor-col-100 elementor-top-column elementor-element elementor-element-b963def\" data-id=\"b963def\" data-element_type=\"column\">\n\t\t\t<div class=\"elementor-widget-wrap elementor-element-populated\">\n\t\t\t\t\t\t<div class=\"elementor-element elementor-element-e36623f elementor-widget elementor-widget-html\" data-id=\"e36623f\" data-element_type=\"widget\" data-widget_type=\"html.default\">\n\t\t\t\t<div class=\"elementor-widget-container\">\n\t\t\t\t\t<iframe width=\"560\" height=\"500\" src=\"https:\/\/airpix.pl\/ipanorama\/virtualtour\/3\" frameborder=\"0\" allowfullscreen><\/iframe>\t\t\t\t<\/div>\n\t\t\t\t<\/div>\n\t\t\t\t\t<\/div>\n\t\t<\/div>\n\t\t\t\t\t<\/div>\n\t\t<\/section>\n\t\t\t\t<section class=\"elementor-section elementor-top-section elementor-element elementor-element-b31d498 elementor-section-boxed elementor-section-height-default elementor-section-height-default\" data-id=\"b31d498\" data-element_type=\"section\">\n\t\t\t\t\t\t<div class=\"elementor-container elementor-column-gap-default\">\n\t\t\t\t\t<div class=\"elementor-column elementor-col-100 elementor-top-column elementor-element elementor-element-bbd9133\" data-id=\"bbd9133\" data-element_type=\"column\">\n\t\t\t<div class=\"elementor-widget-wrap elementor-element-populated\">\n\t\t\t\t\t\t<div class=\"elementor-element elementor-element-cd2b9c4 elementor-widget elementor-widget-html\" data-id=\"cd2b9c4\" data-element_type=\"widget\" data-widget_type=\"html.default\">\n\t\t\t\t<div class=\"elementor-widget-container\">\n\t\t\t\t\t<iframe width=\"560\" height=\"500\" src=\"https:\/\/airpix.pl\/ipanorama\/virtualtour\/6\" frameborder=\"0\" allowfullscreen><\/iframe>\t\t\t\t<\/div>\n\t\t\t\t<\/div>\n\t\t\t\t\t<\/div>\n\t\t<\/div>\n\t\t\t\t\t<\/div>\n\t\t<\/section>\n\t\t\t\t<section class=\"elementor-section elementor-top-section elementor-element elementor-element-a73c466 elementor-section-boxed elementor-section-height-default elementor-section-height-default\" data-id=\"a73c466\" data-element_type=\"section\">\n\t\t\t\t\t\t<div class=\"elementor-container elementor-column-gap-default\">\n\t\t\t\t\t<div class=\"elementor-column elementor-col-100 elementor-top-column elementor-element elementor-element-07d94a5\" data-id=\"07d94a5\" data-element_type=\"column\">\n\t\t\t<div class=\"elementor-widget-wrap elementor-element-populated\">\n\t\t\t\t\t\t<div class=\"elementor-element elementor-element-9bdde97 elementor-widget elementor-widget-html\" data-id=\"9bdde97\" data-element_type=\"widget\" data-widget_type=\"html.default\">\n\t\t\t\t<div class=\"elementor-widget-container\">\n\t\t\t\t\t<iframe width=\"560\" height=\"500\" src=\"https:\/\/airpix.pl\/ipanorama\/virtualtour\/2\" frameborder=\"0\" allowfullscreen><\/iframe>\t\t\t\t<\/div>\n\t\t\t\t<\/div>\n\t\t\t\t\t<\/div>\n\t\t<\/div>\n\t\t\t\t\t<\/div>\n\t\t<\/section>\n\t\t\t\t<\/div>\n\t\t","protected":false},"excerpt":{"rendered":"<p>PANORAMY SFERYCZNE 360\u00b0 Panoramy sferyczne wysokiej rozdzielczo\u015bci z lotu ptaka to niedost\u0119pna dla obserwatora unikatowa perspektywa. Umo\u017cliwiaj\u0105 obserwacj\u0119 w ka\u017cdym kierunku: pe\u0142ne 360\u00b0 z\u00a0zachowaniem wysokiej rozdzielczo\u015bci. Za pomoc\u0105 panoram sferycznych mo\u017cliwe jest wykonanie wirtualnych spacer\u00f3w, za pomoc\u0105 kt\u00f3rych mo\u017cna przedstawi\u0107 dany obiekt lub teren z\u00a0punktu widzenia znajduj\u0105cej si\u0119 w\u00a0nim osoby. Mo\u017cna je zastosowa\u0107 zar\u00f3wno do [&hellip;]<\/p>\n","protected":false},"author":1,"featured_media":0,"parent":0,"menu_order":0,"comment_status":"closed","ping_status":"closed","template":"elementor_header_footer","meta":{"zakra_sidebar_layout":"customizer","zakra_remove_content_margin":false,"zakra_sidebar":"customizer","zakra_transparent_header":"0","zakra_logo":0,"zakra_main_header_style":"default","zakra_menu_item_color":"","zakra_menu_item_hover_color":"","zakra_menu_item_active_color":"","zakra_menu_active_style":"","zakra_page_header":true,"footnotes":""},"class_list":["post-301","page","type-page","status-publish","hentry"],"_links":{"self":[{"href":"http:\/\/airpix.pl\/index.php\/wp-json\/wp\/v2\/pages\/301","targetHints":{"allow":["GET"]}}],"collection":[{"href":"http:\/\/airpix.pl\/index.php\/wp-json\/wp\/v2\/pages"}],"about":[{"href":"http:\/\/airpix.pl\/index.php\/wp-json\/wp\/v2\/types\/page"}],"author":[{"embeddable":true,"href":"http:\/\/airpix.pl\/index.php\/wp-json\/wp\/v2\/users\/1"}],"replies":[{"embeddable":true,"href":"http:\/\/airpix.pl\/index.php\/wp-json\/wp\/v2\/comments?post=301"}],"version-history":[{"count":89,"href":"http:\/\/airpix.pl\/index.php\/wp-json\/wp\/v2\/pages\/301\/revisions"}],"predecessor-version":[{"id":1236,"href":"http:\/\/airpix.pl\/index.php\/wp-json\/wp\/v2\/pages\/301\/revisions\/1236"}],"wp:attachment":[{"href":"http:\/\/airpix.pl\/index.php\/wp-json\/wp\/v2\/media?parent=301"}],"curies":[{"name":"wp","href":"https:\/\/api.w.org\/{rel}","templated":true}]}}