{"id":197,"date":"2018-10-26T10:57:05","date_gmt":"2018-10-26T08:57:05","guid":{"rendered":"https:\/\/demo.themegrill.com\/zakra-drone\/?page_id=197"},"modified":"2021-08-28T20:35:33","modified_gmt":"2021-08-28T18:35:33","slug":"panoramy-2","status":"publish","type":"page","link":"http:\/\/airpix.pl\/index.php\/panoramy-2\/","title":{"rendered":"Panoramy"},"content":{"rendered":"\t\t<div data-elementor-type=\"wp-post\" data-elementor-id=\"197\" class=\"elementor elementor-197\">\n\t\t\t\t\t\t<section class=\"elementor-section elementor-top-section elementor-element elementor-element-78cc7502 elementor-section-boxed elementor-section-height-default elementor-section-height-default\" data-id=\"78cc7502\" data-element_type=\"section\">\n\t\t\t\t\t\t<div class=\"elementor-container elementor-column-gap-default\">\n\t\t\t\t\t<div class=\"elementor-column elementor-col-100 elementor-top-column elementor-element elementor-element-11abc4b2\" data-id=\"11abc4b2\" data-element_type=\"column\">\n\t\t\t<div class=\"elementor-widget-wrap elementor-element-populated\">\n\t\t\t\t\t\t<div class=\"elementor-element elementor-element-34bcbb41 elementor-widget elementor-widget-text-editor\" data-id=\"34bcbb41\" data-element_type=\"widget\" data-widget_type=\"text-editor.default\">\n\t\t\t\t<div class=\"elementor-widget-container\">\n\t\t\t\t\t\t\t\t\t<p><img fetchpriority=\"high\" decoding=\"async\" class=\"size-large wp-image-517 aligncenter\" src=\"http:\/\/airpix.pl\/wp-content\/uploads\/2019\/08\/DJI_0147-1024x409.jpg\" alt=\"\" width=\"812\" height=\"324\" srcset=\"http:\/\/airpix.pl\/wp-content\/uploads\/2019\/08\/DJI_0147-1024x409.jpg 1024w, http:\/\/airpix.pl\/wp-content\/uploads\/2019\/08\/DJI_0147-300x120.jpg 300w, http:\/\/airpix.pl\/wp-content\/uploads\/2019\/08\/DJI_0147-768x306.jpg 768w\" sizes=\"(max-width: 812px) 100vw, 812px\" \/><\/p><p align=\"justify\">Panorama to wspania\u0142y spos\u00f3b na zaprezentowanie urok\u00f3w wybranych miejsc, (kompleks\u00f3w wypoczynkowych, osiedli, miast), ich atrakcji, ze wzgl\u0119du na bardzo szeroki kadr i mo\u017cliwo\u015b\u0107 pokazania ich z niezwyk\u0142ej perspektywy. Panoramy sferyczne, panoramy 180\u00b0, panoramy horyzontalne, nietypowe, rzadko oferowane panoramy wertykalne. Parametry: panorama: 4000\u00d76000, Super rozdzielczo\u015b\u0107: 8000\u00d76000, 180\u00b0 8192\u00d72840, Sphere: 8192\u00d74096. 3-osiowa stabilizacja (tilt, roll, pan). <\/p><p><img decoding=\"async\" class=\"size-large wp-image-532 aligncenter\" src=\"http:\/\/airpix.pl\/wp-content\/uploads\/2019\/08\/DJI_0584-1024x409.jpg\" alt=\"\" width=\"812\" height=\"324\" srcset=\"http:\/\/airpix.pl\/wp-content\/uploads\/2019\/08\/DJI_0584-1024x409.jpg 1024w, http:\/\/airpix.pl\/wp-content\/uploads\/2019\/08\/DJI_0584-300x120.jpg 300w, http:\/\/airpix.pl\/wp-content\/uploads\/2019\/08\/DJI_0584-768x307.jpg 768w\" sizes=\"(max-width: 812px) 100vw, 812px\" \/><\/p>\t\t\t\t\t\t\t\t<\/div>\n\t\t\t\t<\/div>\n\t\t\t\t\t<\/div>\n\t\t<\/div>\n\t\t\t\t\t<\/div>\n\t\t<\/section>\n\t\t\t\t<\/div>\n\t\t","protected":false},"excerpt":{"rendered":"<p>Panorama to wspania\u0142y spos\u00f3b na zaprezentowanie urok\u00f3w wybranych miejsc, (kompleks\u00f3w wypoczynkowych, osiedli, miast), ich atrakcji, ze wzgl\u0119du na bardzo szeroki kadr i mo\u017cliwo\u015b\u0107 pokazania ich z niezwyk\u0142ej perspektywy. Panoramy sferyczne, panoramy 180\u00b0, panoramy horyzontalne, nietypowe, rzadko oferowane panoramy wertykalne. Parametry: panorama: 4000\u00d76000, Super rozdzielczo\u015b\u0107: 8000\u00d76000, 180\u00b0 8192\u00d72840, Sphere: 8192\u00d74096. 3-osiowa stabilizacja (tilt, roll, pan).<\/p>\n","protected":false},"author":1,"featured_media":0,"parent":0,"menu_order":0,"comment_status":"closed","ping_status":"closed","template":"elementor_header_footer","meta":{"zakra_sidebar_layout":"centered","zakra_remove_content_margin":false,"zakra_sidebar":"customizer","zakra_transparent_header":"0","zakra_logo":0,"zakra_main_header_style":"default","zakra_menu_item_color":"","zakra_menu_item_hover_color":"","zakra_menu_item_active_color":"","zakra_menu_active_style":"style-1","zakra_page_header":true,"footnotes":""},"class_list":["post-197","page","type-page","status-publish","hentry"],"_links":{"self":[{"href":"http:\/\/airpix.pl\/index.php\/wp-json\/wp\/v2\/pages\/197","targetHints":{"allow":["GET"]}}],"collection":[{"href":"http:\/\/airpix.pl\/index.php\/wp-json\/wp\/v2\/pages"}],"about":[{"href":"http:\/\/airpix.pl\/index.php\/wp-json\/wp\/v2\/types\/page"}],"author":[{"embeddable":true,"href":"http:\/\/airpix.pl\/index.php\/wp-json\/wp\/v2\/users\/1"}],"replies":[{"embeddable":true,"href":"http:\/\/airpix.pl\/index.php\/wp-json\/wp\/v2\/comments?post=197"}],"version-history":[{"count":14,"href":"http:\/\/airpix.pl\/index.php\/wp-json\/wp\/v2\/pages\/197\/revisions"}],"predecessor-version":[{"id":1132,"href":"http:\/\/airpix.pl\/index.php\/wp-json\/wp\/v2\/pages\/197\/revisions\/1132"}],"wp:attachment":[{"href":"http:\/\/airpix.pl\/index.php\/wp-json\/wp\/v2\/media?parent=197"}],"curies":[{"name":"wp","href":"https:\/\/api.w.org\/{rel}","templated":true}]}}