{"id":133,"date":"2018-09-03T09:26:46","date_gmt":"2018-09-03T07:26:46","guid":{"rendered":"https:\/\/demo.themegrill.com\/zakra-drone\/?page_id=133"},"modified":"2025-07-14T17:23:19","modified_gmt":"2025-07-14T15:23:19","slug":"kontakt","status":"publish","type":"page","link":"http:\/\/airpix.pl\/index.php\/kontakt\/","title":{"rendered":"KONTAKT"},"content":{"rendered":"\t\t<div data-elementor-type=\"wp-post\" data-elementor-id=\"133\" class=\"elementor elementor-133\">\n\t\t\t\t\t\t<section class=\"elementor-section elementor-top-section elementor-element elementor-element-e0e9332 elementor-section-stretched elementor-section-boxed elementor-section-height-default elementor-section-height-default\" data-id=\"e0e9332\" data-element_type=\"section\" data-settings=\"{&quot;stretch_section&quot;:&quot;section-stretched&quot;}\">\n\t\t\t\t\t\t<div class=\"elementor-container elementor-column-gap-default\">\n\t\t\t\t\t<div class=\"elementor-column elementor-col-50 elementor-top-column elementor-element elementor-element-482b195\" data-id=\"482b195\" data-element_type=\"column\">\n\t\t\t<div class=\"elementor-widget-wrap elementor-element-populated\">\n\t\t\t\t\t\t<div class=\"elementor-element elementor-element-5933ed35 elementor-widget elementor-widget-text-editor\" data-id=\"5933ed35\" data-element_type=\"widget\" data-widget_type=\"text-editor.default\">\n\t\t\t\t<div class=\"elementor-widget-container\">\n\t\t\t\t\t\t\t\t\t<p>FORMULARZ KONTAKTOWY<\/p><p>W celu skontaktowania si\u0119, prosz\u0119 przes\u0142a\u0107 wiadomo\u015b\u0107 korzystaj\u0105c z formularza.<\/p><p><img fetchpriority=\"high\" decoding=\"async\" class=\"alignnone size-medium wp-image-95\" src=\"http:\/\/airpix.pl\/wp-content\/uploads\/2019\/07\/favicon-300x300.png\" alt=\"AIRPIX\" width=\"300\" height=\"300\" srcset=\"http:\/\/airpix.pl\/wp-content\/uploads\/2019\/07\/favicon-300x300.png 300w, http:\/\/airpix.pl\/wp-content\/uploads\/2019\/07\/favicon-150x150.png 150w, http:\/\/airpix.pl\/wp-content\/uploads\/2019\/07\/favicon.png 512w\" sizes=\"(max-width: 300px) 100vw, 300px\" \/><\/p>\t\t\t\t\t\t\t\t<\/div>\n\t\t\t\t<\/div>\n\t\t\t\t\t<\/div>\n\t\t<\/div>\n\t\t\t\t<div class=\"elementor-column elementor-col-50 elementor-top-column elementor-element elementor-element-f5091c7\" data-id=\"f5091c7\" data-element_type=\"column\">\n\t\t\t<div class=\"elementor-widget-wrap elementor-element-populated\">\n\t\t\t\t\t\t<div class=\"elementor-element elementor-element-6cb3527 elementor-widget elementor-widget-shortcode\" data-id=\"6cb3527\" data-element_type=\"widget\" data-widget_type=\"shortcode.default\">\n\t\t\t\t<div class=\"elementor-widget-container\">\n\t\t\t\t\t\t\t<div class=\"elementor-shortcode\"><div class=\"everest-forms\"><div class=\"evf-container default\" id=\"evf-66\"><form id=\"evf-form-66\" class=\"everest-form\" data-formid=\"66\" data-ajax_submission=\"0\" data-keyboard_friendly_form=\"0\" data-form_state_type=\"\" method=\"post\" enctype=\"multipart\/form-data\" action=\"\/index.php\/wp-json\/wp\/v2\/pages\/133\"><div class=\"evf-field-container\"><input type=\"hidden\" id=\"_wpnonce66\" name=\"_wpnonce66\" value=\"d262c79e9d\" \/><input type=\"hidden\" name=\"_wp_http_referer\" value=\"\/index.php\/wp-json\/wp\/v2\/pages\/133\" \/><div class=\"evf-frontend-row\" data-row=\"row_1\" conditional_rules=\"[]\"><div class=\"evf-frontend-grid evf-grid-1\" data-grid=\"grid_1\"><div id=\"evf-66-field_fullname-container\" class=\"evf-field evf-field-text form-row validate-required\" data-required-field-message=\"To pole jest wymagane.\" data-field-id=\"fullname\"><label class=\"evf-field-label\" for=\"evf-66-field_fullname\"><span class=\"evf-label\">Imi\u0119 i Nazwisko:<\/span> <abbr class=\"required\" title=\"Required\">*<\/abbr><\/label><input type=\"text\" id=\"evf-66-field_fullname\" class=\"input-text\" name=\"everest_forms[form_fields][fullname]\" required><\/div><div id=\"evf-66-field_email-container\" class=\"evf-field evf-field-email form-row validate-required validate-email\" data-required-field-message=\"Podaj prawid\u0142owy adres email.\" data-field-id=\"email\"><label class=\"evf-field-label\" for=\"evf-66-field_email\"><span class=\"evf-label\">E-mail:<\/span> <abbr class=\"required\" title=\"Required\">*<\/abbr><\/label><input type=\"email\" id=\"evf-66-field_email\" class=\"input-text\" name=\"everest_forms[form_fields][email]\" required ><\/div><div id=\"evf-66-field_5OAC9ZINmF-3-container\" class=\"evf-field evf-field-text form-row validate-required\" data-required-field-message=\"To pole jest wymagane.\" data-field-id=\"5OAC9ZINmF-3\"><label class=\"evf-field-label\" for=\"evf-66-field_5OAC9ZINmF-3\"><span class=\"evf-label\">Tytu\u0142:<\/span> <abbr class=\"required\" title=\"Required\">*<\/abbr><\/label><input type=\"text\" id=\"evf-66-field_5OAC9ZINmF-3\" class=\"input-text\" name=\"everest_forms[form_fields][5OAC9ZINmF-3]\" required><\/div><div id=\"evf-66-field_ykoQndPg6A-2-container\" class=\"evf-field evf-field-textarea form-row\" data-field-id=\"ykoQndPg6A-2\"><label class=\"evf-field-label\" for=\"evf-66-field_ykoQndPg6A-2\"><span class=\"evf-label\">Wiadomo\u015b\u0107:<\/span> <\/label><textarea id=\"evf-66-field_ykoQndPg6A-2\" class=\"input-text\" name=\"everest_forms[form_fields][ykoQndPg6A-2]\"  ><\/textarea><\/div><\/div><\/div><\/div><div class=\"evf-honeypot-container evf-field-hp\"><label for=\"evf-66-field-hp\" class=\"evf-field-label\">Message<\/label><input type=\"text\" name=\"everest_forms[hp]\" id=\"evf-66-field-hp\" class=\"input-text\"><\/div><div class=\"evf-submit-container \" ><input type=\"hidden\" name=\"everest_forms[id]\" value=\"66\"><input type=\"hidden\" name=\"everest_forms[author]\" value=\"1\"><button type='submit' name='everest_forms[submit]' class='everest-forms-submit-button button evf-submit ' id='evf-submit-66' value='evf-submit' data-process-text=\"Wysy\u0142anie...\" conditional_rules='&quot;&quot;' conditional_id='evf-submit-66'  id=\"evf-submit-66\" aria-live=\"assertive\">Wy\u015blij<\/button><\/div><\/form><\/div><!-- .evf-container --><\/div><\/div>\n\t\t\t\t\t\t<\/div>\n\t\t\t\t<\/div>\n\t\t\t\t\t<\/div>\n\t\t<\/div>\n\t\t\t\t\t<\/div>\n\t\t<\/section>\n\t\t\t\t<section class=\"elementor-section elementor-top-section elementor-element elementor-element-bd7aa80 elementor-section-stretched elementor-section-boxed elementor-section-height-default elementor-section-height-default\" data-id=\"bd7aa80\" data-element_type=\"section\" data-settings=\"{&quot;stretch_section&quot;:&quot;section-stretched&quot;}\">\n\t\t\t\t\t\t<div class=\"elementor-container elementor-column-gap-no\">\n\t\t\t\t\t<div class=\"elementor-column elementor-col-100 elementor-top-column elementor-element elementor-element-3331f8b5\" data-id=\"3331f8b5\" data-element_type=\"column\" data-settings=\"{&quot;background_background&quot;:&quot;classic&quot;}\">\n\t\t\t<div class=\"elementor-widget-wrap elementor-element-populated\">\n\t\t\t\t\t\t<div class=\"elementor-element elementor-element-17b30180 elementor-widget elementor-widget-google_maps\" data-id=\"17b30180\" data-element_type=\"widget\" data-widget_type=\"google_maps.default\">\n\t\t\t\t<div class=\"elementor-widget-container\">\n\t\t\t\t\t\t\t<div class=\"elementor-custom-embed\">\n\t\t\t<iframe loading=\"lazy\"\n\t\t\t\t\tsrc=\"https:\/\/maps.google.com\/maps?q=Toru%C5%84%2C%20Poland&#038;t=m&#038;z=10&#038;output=embed&#038;iwloc=near\"\n\t\t\t\t\ttitle=\"Toru\u0144, Poland\"\n\t\t\t\t\taria-label=\"Toru\u0144, Poland\"\n\t\t\t><\/iframe>\n\t\t<\/div>\n\t\t\t\t\t\t<\/div>\n\t\t\t\t<\/div>\n\t\t\t\t\t<\/div>\n\t\t<\/div>\n\t\t\t\t\t<\/div>\n\t\t<\/section>\n\t\t\t\t<\/div>\n\t\t","protected":false},"excerpt":{"rendered":"<p>FORMULARZ KONTAKTOWY W celu skontaktowania si\u0119, prosz\u0119 przes\u0142a\u0107 wiadomo\u015b\u0107 korzystaj\u0105c z formularza.<\/p>\n","protected":false},"author":1,"featured_media":0,"parent":0,"menu_order":0,"comment_status":"closed","ping_status":"closed","template":"elementor_header_footer","meta":{"zakra_sidebar_layout":"customizer","zakra_remove_content_margin":false,"zakra_sidebar":"customizer","zakra_transparent_header":"0","zakra_logo":0,"zakra_main_header_style":"default","zakra_menu_item_color":"","zakra_menu_item_hover_color":"","zakra_menu_item_active_color":"","zakra_menu_active_style":"","zakra_page_header":true,"footnotes":""},"class_list":["post-133","page","type-page","status-publish","hentry"],"_links":{"self":[{"href":"http:\/\/airpix.pl\/index.php\/wp-json\/wp\/v2\/pages\/133","targetHints":{"allow":["GET"]}}],"collection":[{"href":"http:\/\/airpix.pl\/index.php\/wp-json\/wp\/v2\/pages"}],"about":[{"href":"http:\/\/airpix.pl\/index.php\/wp-json\/wp\/v2\/types\/page"}],"author":[{"embeddable":true,"href":"http:\/\/airpix.pl\/index.php\/wp-json\/wp\/v2\/users\/1"}],"replies":[{"embeddable":true,"href":"http:\/\/airpix.pl\/index.php\/wp-json\/wp\/v2\/comments?post=133"}],"version-history":[{"count":36,"href":"http:\/\/airpix.pl\/index.php\/wp-json\/wp\/v2\/pages\/133\/revisions"}],"predecessor-version":[{"id":1226,"href":"http:\/\/airpix.pl\/index.php\/wp-json\/wp\/v2\/pages\/133\/revisions\/1226"}],"wp:attachment":[{"href":"http:\/\/airpix.pl\/index.php\/wp-json\/wp\/v2\/media?parent=133"}],"curies":[{"name":"wp","href":"https:\/\/api.w.org\/{rel}","templated":true}]}}